{"id":2190,"date":"2024-07-22T11:06:40","date_gmt":"2024-07-22T09:06:40","guid":{"rendered":"https:\/\/www.flogistic.cz\/whistleblowing\/"},"modified":"2024-10-14T12:09:57","modified_gmt":"2024-10-14T10:09:57","slug":"whistleblowing","status":"publish","type":"page","link":"https:\/\/www.flogistic.cz\/en\/whistleblowing\/","title":{"rendered":"Whistleblowing"},"content":{"rendered":"<style>.wp-block-kadence-advancedheading.kt-adv-heading1889_826155-b6, .wp-block-kadence-advancedheading.kt-adv-heading1889_826155-b6[data-kb-block=\"kb-adv-heading1889_826155-b6\"]{font-style:normal;}.wp-block-kadence-advancedheading.kt-adv-heading1889_826155-b6 mark.kt-highlight, .wp-block-kadence-advancedheading.kt-adv-heading1889_826155-b6[data-kb-block=\"kb-adv-heading1889_826155-b6\"] mark.kt-highlight{font-style:normal;color:#f76a0c;-webkit-box-decoration-break:clone;box-decoration-break:clone;padding-top:0px;padding-right:0px;padding-bottom:0px;padding-left:0px;}.wp-block-kadence-advancedheading.kt-adv-heading1889_826155-b6 img.kb-inline-image, .wp-block-kadence-advancedheading.kt-adv-heading1889_826155-b6[data-kb-block=\"kb-adv-heading1889_826155-b6\"] img.kb-inline-image{width:150px;vertical-align:baseline;}<\/style>\n<h2 class=\"kt-adv-heading1889_826155-b6 wp-block-kadence-advancedheading\" data-kb-block=\"kb-adv-heading1889_826155-b6\"><strong>Introduction<\/strong><\/h2>\n\n<ul class=\"wp-block-list\">\n<li>At our organization (<strong>FORM\u00c1NEK Logistic s.r.o<\/strong>), we place great emphasis on ethics and transparency. If you witness or suspect any misconduct or illegal activities, we encourage you to report it through the channels below. <\/li>\n<\/ul>\n<style>.wp-block-kadence-advancedheading.kt-adv-heading1889_63dafa-93, .wp-block-kadence-advancedheading.kt-adv-heading1889_63dafa-93[data-kb-block=\"kb-adv-heading1889_63dafa-93\"]{font-style:normal;}.wp-block-kadence-advancedheading.kt-adv-heading1889_63dafa-93 mark.kt-highlight, .wp-block-kadence-advancedheading.kt-adv-heading1889_63dafa-93[data-kb-block=\"kb-adv-heading1889_63dafa-93\"] mark.kt-highlight{font-style:normal;color:#f76a0c;-webkit-box-decoration-break:clone;box-decoration-break:clone;padding-top:0px;padding-right:0px;padding-bottom:0px;padding-left:0px;}.wp-block-kadence-advancedheading.kt-adv-heading1889_63dafa-93 img.kb-inline-image, .wp-block-kadence-advancedheading.kt-adv-heading1889_63dafa-93[data-kb-block=\"kb-adv-heading1889_63dafa-93\"] img.kb-inline-image{width:150px;vertical-align:baseline;}<\/style>\n<h2 class=\"kt-adv-heading1889_63dafa-93 wp-block-kadence-advancedheading\" data-kb-block=\"kb-adv-heading1889_63dafa-93\"><strong>Reporting Procedure<\/strong><\/h2>\n\n<ul class=\"wp-block-list\">\n<li>You can report misconduct in the following way: flogistic@flogistic.cz.<\/li>\n<\/ul>\n<style>.wp-block-kadence-advancedheading.kt-adv-heading1889_4204b7-37, .wp-block-kadence-advancedheading.kt-adv-heading1889_4204b7-37[data-kb-block=\"kb-adv-heading1889_4204b7-37\"]{font-style:normal;}.wp-block-kadence-advancedheading.kt-adv-heading1889_4204b7-37 mark.kt-highlight, .wp-block-kadence-advancedheading.kt-adv-heading1889_4204b7-37[data-kb-block=\"kb-adv-heading1889_4204b7-37\"] mark.kt-highlight{font-style:normal;color:#f76a0c;-webkit-box-decoration-break:clone;box-decoration-break:clone;padding-top:0px;padding-right:0px;padding-bottom:0px;padding-left:0px;}.wp-block-kadence-advancedheading.kt-adv-heading1889_4204b7-37 img.kb-inline-image, .wp-block-kadence-advancedheading.kt-adv-heading1889_4204b7-37[data-kb-block=\"kb-adv-heading1889_4204b7-37\"] img.kb-inline-image{width:150px;vertical-align:baseline;}<\/style>\n<h2 class=\"kt-adv-heading1889_4204b7-37 wp-block-kadence-advancedheading\" data-kb-block=\"kb-adv-heading1889_4204b7-37\"><strong>Whistleblower Protection<\/strong><\/h2>\n\n<ul class=\"wp-block-list\">\n<li>Your report will be treated confidentially, and we will provide you with maximum protection against any retaliatory actions.<\/li>\n<\/ul>\n<style>.wp-block-kadence-advancedheading.kt-adv-heading1889_0cf795-f9, .wp-block-kadence-advancedheading.kt-adv-heading1889_0cf795-f9[data-kb-block=\"kb-adv-heading1889_0cf795-f9\"]{font-style:normal;}.wp-block-kadence-advancedheading.kt-adv-heading1889_0cf795-f9 mark.kt-highlight, .wp-block-kadence-advancedheading.kt-adv-heading1889_0cf795-f9[data-kb-block=\"kb-adv-heading1889_0cf795-f9\"] mark.kt-highlight{font-style:normal;color:#f76a0c;-webkit-box-decoration-break:clone;box-decoration-break:clone;padding-top:0px;padding-right:0px;padding-bottom:0px;padding-left:0px;}.wp-block-kadence-advancedheading.kt-adv-heading1889_0cf795-f9 img.kb-inline-image, .wp-block-kadence-advancedheading.kt-adv-heading1889_0cf795-f9[data-kb-block=\"kb-adv-heading1889_0cf795-f9\"] img.kb-inline-image{width:150px;vertical-align:baseline;}<\/style>\n<h2 class=\"kt-adv-heading1889_0cf795-f9 wp-block-kadence-advancedheading\" data-kb-block=\"kb-adv-heading1889_0cf795-f9\"><strong>Types of Reportable Misconduct<\/strong><\/h2>\n\n<ul class=\"wp-block-list\">\n<li>You can report, for example: financial fraud, corruption, safety risks, discrimination, or other serious offenses.<\/li>\n<\/ul>\n<style>.wp-block-kadence-advancedheading.kt-adv-heading1889_7bc62d-40, .wp-block-kadence-advancedheading.kt-adv-heading1889_7bc62d-40[data-kb-block=\"kb-adv-heading1889_7bc62d-40\"]{font-style:normal;}.wp-block-kadence-advancedheading.kt-adv-heading1889_7bc62d-40 mark.kt-highlight, .wp-block-kadence-advancedheading.kt-adv-heading1889_7bc62d-40[data-kb-block=\"kb-adv-heading1889_7bc62d-40\"] mark.kt-highlight{font-style:normal;color:#f76a0c;-webkit-box-decoration-break:clone;box-decoration-break:clone;padding-top:0px;padding-right:0px;padding-bottom:0px;padding-left:0px;}.wp-block-kadence-advancedheading.kt-adv-heading1889_7bc62d-40 img.kb-inline-image, .wp-block-kadence-advancedheading.kt-adv-heading1889_7bc62d-40[data-kb-block=\"kb-adv-heading1889_7bc62d-40\"] img.kb-inline-image{width:150px;vertical-align:baseline;}<\/style>\n<h2 class=\"kt-adv-heading1889_7bc62d-40 wp-block-kadence-advancedheading\" data-kb-block=\"kb-adv-heading1889_7bc62d-40\"><strong>Feedback and Next Steps<\/strong><\/h2>\n\n<ul class=\"wp-block-list\">\n<li>Upon receiving your report, we will inform you of the next steps and any potential actions taken.<\/li>\n<\/ul>\n","protected":false},"excerpt":{"rendered":"<p>Introduction Reporting Procedure Whistleblower Protection Types of Reportable Misconduct Feedback and Next Steps<\/p>\n","protected":false},"author":1,"featured_media":0,"parent":0,"menu_order":5,"comment_status":"closed","ping_status":"closed","template":"","meta":{"inline_featured_image":false,"_kad_blocks_custom_css":"","_kad_blocks_head_custom_js":"","_kad_blocks_body_custom_js":"","_kad_blocks_footer_custom_js":"","_kad_post_transparent":"","_kad_post_title":"","_kad_post_layout":"","_kad_post_sidebar_id":"","_kad_post_content_style":"","_kad_post_vertical_padding":"","_kad_post_feature":"","_kad_post_feature_position":"","_kad_post_header":false,"_kad_post_footer":false,"footnotes":""},"class_list":["post-2190","page","type-page","status-publish","hentry"],"yoast_head":"<!-- This site is optimized with the Yoast SEO plugin v26.9 - https:\/\/yoast.com\/product\/yoast-seo-wordpress\/ -->\n<title>Whistleblowing | FORM\u00c1NEK Logistic<\/title>\n<meta name=\"description\" content=\"Introduction At our organization (FORM\u00c1NEK Logistic s.r.o), we place great emphasis on ethics and transparency. If you witness or suspect any misconduct\" \/>\n<meta name=\"robots\" content=\"index, follow, max-snippet:-1, max-image-preview:large, max-video-preview:-1\" \/>\n<link rel=\"canonical\" href=\"https:\/\/www.flogistic.cz\/en\/whistleblowing\/\" \/>\n<meta property=\"og:locale\" content=\"en_US\" \/>\n<meta property=\"og:type\" content=\"article\" \/>\n<meta property=\"og:title\" content=\"Whistleblowing | FORM\u00c1NEK Logistic\" \/>\n<meta property=\"og:description\" content=\"Introduction At our organization (FORM\u00c1NEK Logistic s.r.o), we place great emphasis on ethics and transparency. If you witness or suspect any misconduct\" \/>\n<meta property=\"og:url\" content=\"https:\/\/www.flogistic.cz\/en\/whistleblowing\/\" \/>\n<meta property=\"og:site_name\" content=\"FORM\u00c1NEK Logistic\" \/>\n<meta property=\"article:publisher\" content=\"https:\/\/www.facebook.com\/formaneklogistic\" \/>\n<meta property=\"article:modified_time\" content=\"2024-10-14T10:09:57+00:00\" \/>\n<meta property=\"og:image\" content=\"https:\/\/www.flogistic.cz\/wp-content\/uploads\/2024\/03\/logo-Flogostic.png\" \/>\n\t<meta property=\"og:image:width\" content=\"300\" \/>\n\t<meta property=\"og:image:height\" content=\"135\" \/>\n\t<meta property=\"og:image:type\" content=\"image\/png\" \/>\n<meta name=\"twitter:card\" content=\"summary_large_image\" \/>\n<meta name=\"twitter:label1\" content=\"Est. reading time\" \/>\n\t<meta name=\"twitter:data1\" content=\"1 minute\" \/>\n<script type=\"application\/ld+json\" class=\"yoast-schema-graph\">{\"@context\":\"https:\/\/schema.org\",\"@graph\":[{\"@type\":\"WebPage\",\"@id\":\"https:\/\/www.flogistic.cz\/en\/whistleblowing\/\",\"url\":\"https:\/\/www.flogistic.cz\/en\/whistleblowing\/\",\"name\":\"Whistleblowing | FORM\u00c1NEK Logistic\",\"isPartOf\":{\"@id\":\"https:\/\/www.flogistic.cz\/en\/#website\"},\"datePublished\":\"2024-07-22T09:06:40+00:00\",\"dateModified\":\"2024-10-14T10:09:57+00:00\",\"description\":\"Introduction At our organization (FORM\u00c1NEK Logistic s.r.o), we place great emphasis on ethics and transparency. If you witness or suspect any misconduct\",\"breadcrumb\":{\"@id\":\"https:\/\/www.flogistic.cz\/en\/whistleblowing\/#breadcrumb\"},\"inLanguage\":\"en-US\",\"potentialAction\":[{\"@type\":\"ReadAction\",\"target\":[\"https:\/\/www.flogistic.cz\/en\/whistleblowing\/\"]}]},{\"@type\":\"BreadcrumbList\",\"@id\":\"https:\/\/www.flogistic.cz\/en\/whistleblowing\/#breadcrumb\",\"itemListElement\":[{\"@type\":\"ListItem\",\"position\":1,\"name\":\"Home\",\"item\":\"https:\/\/www.flogistic.cz\/en\/\"},{\"@type\":\"ListItem\",\"position\":2,\"name\":\"Whistleblowing\"}]},{\"@type\":\"WebSite\",\"@id\":\"https:\/\/www.flogistic.cz\/en\/#website\",\"url\":\"https:\/\/www.flogistic.cz\/en\/\",\"name\":\"FORM\u00c1NEK Logistic\",\"description\":\"P\u0159eprava kontejner\u016f a Servis n\u00e1kladn\u00edch aut\",\"publisher\":{\"@id\":\"https:\/\/www.flogistic.cz\/en\/#organization\"},\"potentialAction\":[{\"@type\":\"SearchAction\",\"target\":{\"@type\":\"EntryPoint\",\"urlTemplate\":\"https:\/\/www.flogistic.cz\/en\/?s={search_term_string}\"},\"query-input\":{\"@type\":\"PropertyValueSpecification\",\"valueRequired\":true,\"valueName\":\"search_term_string\"}}],\"inLanguage\":\"en-US\"},{\"@type\":\"Organization\",\"@id\":\"https:\/\/www.flogistic.cz\/en\/#organization\",\"name\":\"FORM\u00c1NEK Logistic s.r.o.\",\"url\":\"https:\/\/www.flogistic.cz\/en\/\",\"logo\":{\"@type\":\"ImageObject\",\"inLanguage\":\"en-US\",\"@id\":\"https:\/\/www.flogistic.cz\/en\/#\/schema\/logo\/image\/\",\"url\":\"https:\/\/www.flogistic.cz\/wp-content\/uploads\/2024\/03\/Formanek-logo.svg\",\"contentUrl\":\"https:\/\/www.flogistic.cz\/wp-content\/uploads\/2024\/03\/Formanek-logo.svg\",\"width\":1200,\"height\":600,\"caption\":\"FORM\u00c1NEK Logistic s.r.o.\"},\"image\":{\"@id\":\"https:\/\/www.flogistic.cz\/en\/#\/schema\/logo\/image\/\"},\"sameAs\":[\"https:\/\/www.facebook.com\/formaneklogistic\",\"https:\/\/www.instagram.com\/formanek_logistic\/\"]}]}<\/script>\n<!-- \/ Yoast SEO plugin. -->","yoast_head_json":{"title":"Whistleblowing | FORM\u00c1NEK Logistic","description":"Introduction At our organization (FORM\u00c1NEK Logistic s.r.o), we place great emphasis on ethics and transparency. If you witness or suspect any misconduct","robots":{"index":"index","follow":"follow","max-snippet":"max-snippet:-1","max-image-preview":"max-image-preview:large","max-video-preview":"max-video-preview:-1"},"canonical":"https:\/\/www.flogistic.cz\/en\/whistleblowing\/","og_locale":"en_US","og_type":"article","og_title":"Whistleblowing | FORM\u00c1NEK Logistic","og_description":"Introduction At our organization (FORM\u00c1NEK Logistic s.r.o), we place great emphasis on ethics and transparency. If you witness or suspect any misconduct","og_url":"https:\/\/www.flogistic.cz\/en\/whistleblowing\/","og_site_name":"FORM\u00c1NEK Logistic","article_publisher":"https:\/\/www.facebook.com\/formaneklogistic","article_modified_time":"2024-10-14T10:09:57+00:00","og_image":[{"width":300,"height":135,"url":"https:\/\/www.flogistic.cz\/wp-content\/uploads\/2024\/03\/logo-Flogostic.png","type":"image\/png"}],"twitter_card":"summary_large_image","twitter_misc":{"Est. reading time":"1 minute"},"schema":{"@context":"https:\/\/schema.org","@graph":[{"@type":"WebPage","@id":"https:\/\/www.flogistic.cz\/en\/whistleblowing\/","url":"https:\/\/www.flogistic.cz\/en\/whistleblowing\/","name":"Whistleblowing | FORM\u00c1NEK Logistic","isPartOf":{"@id":"https:\/\/www.flogistic.cz\/en\/#website"},"datePublished":"2024-07-22T09:06:40+00:00","dateModified":"2024-10-14T10:09:57+00:00","description":"Introduction At our organization (FORM\u00c1NEK Logistic s.r.o), we place great emphasis on ethics and transparency. If you witness or suspect any misconduct","breadcrumb":{"@id":"https:\/\/www.flogistic.cz\/en\/whistleblowing\/#breadcrumb"},"inLanguage":"en-US","potentialAction":[{"@type":"ReadAction","target":["https:\/\/www.flogistic.cz\/en\/whistleblowing\/"]}]},{"@type":"BreadcrumbList","@id":"https:\/\/www.flogistic.cz\/en\/whistleblowing\/#breadcrumb","itemListElement":[{"@type":"ListItem","position":1,"name":"Home","item":"https:\/\/www.flogistic.cz\/en\/"},{"@type":"ListItem","position":2,"name":"Whistleblowing"}]},{"@type":"WebSite","@id":"https:\/\/www.flogistic.cz\/en\/#website","url":"https:\/\/www.flogistic.cz\/en\/","name":"FORM\u00c1NEK Logistic","description":"P\u0159eprava kontejner\u016f a Servis n\u00e1kladn\u00edch aut","publisher":{"@id":"https:\/\/www.flogistic.cz\/en\/#organization"},"potentialAction":[{"@type":"SearchAction","target":{"@type":"EntryPoint","urlTemplate":"https:\/\/www.flogistic.cz\/en\/?s={search_term_string}"},"query-input":{"@type":"PropertyValueSpecification","valueRequired":true,"valueName":"search_term_string"}}],"inLanguage":"en-US"},{"@type":"Organization","@id":"https:\/\/www.flogistic.cz\/en\/#organization","name":"FORM\u00c1NEK Logistic s.r.o.","url":"https:\/\/www.flogistic.cz\/en\/","logo":{"@type":"ImageObject","inLanguage":"en-US","@id":"https:\/\/www.flogistic.cz\/en\/#\/schema\/logo\/image\/","url":"https:\/\/www.flogistic.cz\/wp-content\/uploads\/2024\/03\/Formanek-logo.svg","contentUrl":"https:\/\/www.flogistic.cz\/wp-content\/uploads\/2024\/03\/Formanek-logo.svg","width":1200,"height":600,"caption":"FORM\u00c1NEK Logistic s.r.o."},"image":{"@id":"https:\/\/www.flogistic.cz\/en\/#\/schema\/logo\/image\/"},"sameAs":["https:\/\/www.facebook.com\/formaneklogistic","https:\/\/www.instagram.com\/formanek_logistic\/"]}]}},"taxonomy_info":[],"featured_image_src_large":false,"author_info":{"display_name":"webmaster@webprezent.cz","author_link":"https:\/\/www.flogistic.cz\/en\/author\/gargamel\/"},"comment_info":0,"_links":{"self":[{"href":"https:\/\/www.flogistic.cz\/en\/wp-json\/wp\/v2\/pages\/2190","targetHints":{"allow":["GET"]}}],"collection":[{"href":"https:\/\/www.flogistic.cz\/en\/wp-json\/wp\/v2\/pages"}],"about":[{"href":"https:\/\/www.flogistic.cz\/en\/wp-json\/wp\/v2\/types\/page"}],"author":[{"embeddable":true,"href":"https:\/\/www.flogistic.cz\/en\/wp-json\/wp\/v2\/users\/1"}],"replies":[{"embeddable":true,"href":"https:\/\/www.flogistic.cz\/en\/wp-json\/wp\/v2\/comments?post=2190"}],"version-history":[{"count":3,"href":"https:\/\/www.flogistic.cz\/en\/wp-json\/wp\/v2\/pages\/2190\/revisions"}],"predecessor-version":[{"id":2231,"href":"https:\/\/www.flogistic.cz\/en\/wp-json\/wp\/v2\/pages\/2190\/revisions\/2231"}],"wp:attachment":[{"href":"https:\/\/www.flogistic.cz\/en\/wp-json\/wp\/v2\/media?parent=2190"}],"curies":[{"name":"wp","href":"https:\/\/api.w.org\/{rel}","templated":true}]}}